{"id":933,"date":"2021-11-08T12:26:02","date_gmt":"2021-11-08T11:26:02","guid":{"rendered":"https:\/\/www.lepassager-centredart.com\/?page_id=933"},"modified":"2023-05-25T16:17:54","modified_gmt":"2023-05-25T14:17:54","slug":"agenda","status":"publish","type":"page","link":"https:\/\/www.lepassager-centredart.com\/","title":{"rendered":"agenda"},"content":{"rendered":"\n<div class=\"wp-block-image\"><figure class=\"aligncenter size-large is-resized\"><img loading=\"lazy\" decoding=\"async\" src=\"https:\/\/www.lepassager-centredart.com\/wp-content\/uploads\/2021\/10\/trait_03.jpg\" alt=\"\" class=\"wp-image-902\" width=\"632\" height=\"24\" srcset=\"https:\/\/www.lepassager-centredart.com\/wp-content\/uploads\/2021\/10\/trait_03.jpg 632w, https:\/\/www.lepassager-centredart.com\/wp-content\/uploads\/2021\/10\/trait_03-300x11.jpg 300w\" sizes=\"auto, (max-width: 632px) 100vw, 632px\" \/><\/figure><\/div>\n\n\n\n<figure class=\"wp-block-table is-style-regular\"><table><tbody><tr><td><sub>revues<\/sub><\/td><td class=\"has-text-align-left\" data-align=\"left\"><strong><a href=\"https:\/\/www.lepassager-centredart.com\/?p=1106\" data-type=\"post\" data-id=\"1106\"><span class=\"has-inline-color has-primary-color\">Lancement<\/span><\/a> des revues <a href=\"https:\/\/www.lepassager-centredart.com\/?p=1180\" data-type=\"post\" data-id=\"1180\"><span class=\"has-inline-color has-primary-color\">copie<\/span><\/a> et <a href=\"https:\/\/www.lepassager-centredart.com\/?p=1203\" data-type=\"post\" data-id=\"1203\"><span class=\"has-inline-color has-primary-color\">copie photographie<\/span><\/a><\/strong><\/td><td><sub>Hannah Brun<\/sub><\/td><td><sub>Maison des Suds, Pessac<\/sub><\/td><td><sub>31.05.23<\/sub><\/td><\/tr><tr><td><sub>table ronde &amp; atelier<\/sub><\/td><td class=\"has-text-align-left\" data-align=\"left\"><strong><a href=\"https:\/\/www.lepassager-centredart.com\/?p=1106\" data-type=\"URL\" data-id=\"https:\/\/www.lepassager-centredart.com\/?p=1106\"><span class=\"has-inline-color has-primary-color\">Double jeu<\/span><\/a><\/strong><span class=\"has-inline-color has-primary-color\"> <\/span><\/td><td><sub>Florian Houssais &amp; Hannah Brun<\/sub><\/td><td><sub>Maison des Suds, Pessac<\/sub><\/td><td><sub>31.05.23<\/sub><\/td><\/tr><tr><td><sub>colloque<\/sub><\/td><td class=\"has-text-align-left\" data-align=\"left\"><strong>Les s\u00e9minaires sous le manteau<\/strong> <sub>(description \u00e0 venir)<\/sub><\/td><td><sub>Florian Houssais<\/sub><\/td><td><sub>colloque international &#8220;<em>Construction(s) et r\u00e9ception(s) de la science aujourd\u2019hui&#8221;<\/em>, Cergy<\/sub> <sub>Paris Universit\u00e9<\/sub><\/td><td><sub>19.04.23<\/sub><\/td><\/tr><tr><td><sub>conf\u00e9rence<\/sub><\/td><td class=\"has-text-align-left\" data-align=\"left\"><strong>Les luttes de pouvoir en Pannonie : Les recherches des historiens allemands du d\u00e9but XX<sup>e<\/sup><\/strong> <sub>(description \u00e0 venir)<\/sub><\/td><td><sub>le coll\u00e8ge des oiseaux<\/sub><\/td><td><sub>Universit\u00e9 de Saragosse, Saragosse, Espagne<\/sub><\/td><td><sub>15.02.23<\/sub><\/td><\/tr><tr><td><sub>lecture-performance<\/sub><\/td><td class=\"has-text-align-left\" data-align=\"left\"><strong><a href=\"https:\/\/www.lepassager-centredart.com\/?p=964\" data-type=\"post\" data-id=\"964\"><span class=\"has-inline-color has-primary-color\">panah\u00f3n #10<\/span><\/a><\/strong><\/td><td><sub>Hannah Brun<\/sub><\/td><td><sub>\u00eele de Tacling, Linapacan, Philippines<\/sub><\/td><td><sub>10.06.22<\/sub><\/td><\/tr><tr><td><sub>atelier<\/sub><\/td><td class=\"has-text-align-left\" data-align=\"left\"><strong><a href=\"https:\/\/www.lepassager-centredart.com\/?p=1068\"><span class=\"has-inline-color has-primary-color\">Salon des \u00e9critures alternatives en sciences sociales<\/span><\/a><\/strong><\/td><td><sub>Florian Houssais<\/sub><\/td><td><sub>Mucem, Marseille<\/sub><\/td><td><sub>09.06.22<\/sub><\/td><\/tr><tr><td><sub>s\u00e9minaire<\/sub><\/td><td class=\"has-text-align-left\" data-align=\"left\"><strong><a href=\"https:\/\/www.lepassager-centredart.com\/?p=1027\" data-type=\"post\" data-id=\"1027\"><span class=\"has-inline-color has-primary-color\">Lettre \u00e0 un jeune historien<\/span><\/a><\/strong><\/td><td><sub>Florian Houssais<\/sub><\/td><td><sub>cdla, St Yrieix<\/sub><\/td><td><sub>07.12.21<\/sub><\/td><\/tr><tr><td><sub>table ronde<\/sub><\/td><td class=\"has-text-align-left\" data-align=\"left\"><a href=\"https:\/\/www.lepassager-centredart.com\/?p=1031\" data-type=\"post\" data-id=\"1031\"><span class=\"has-inline-color has-primary-color\"><strong>Rencontre des acteurs des arts plastiques et visuels<\/strong>&#8230; (ASTRE)<\/span><\/a><\/td><td><sub>Florian Houssais<\/sub><\/td><td><sub>P\u00e9rigueux<\/sub><\/td><td><sub>17.11.21<\/sub><\/td><\/tr><tr><td><sub>s\u00e9minaire<\/sub><\/td><td class=\"has-text-align-left\" data-align=\"left\"><strong><a href=\"https:\/\/www.lepassager-centredart.com\/?p=1027\" data-type=\"post\" data-id=\"1027\"><span class=\"has-inline-color has-primary-color\">Lettre \u00e0 un jeune historien<\/span><\/a><\/strong><\/td><td><sub>Florian Houssais<\/sub><\/td><td><sub>ENSA Limoges<\/sub><\/td><td><sub>09.11.21<\/sub><\/td><\/tr><tr><td><sub>exposition<br>collective<\/sub><\/td><td class=\"has-text-align-left\" data-align=\"left\"><strong><a href=\"https:\/\/www.lepassager-centredart.com\/?p=981\" data-type=\"post\" data-id=\"981\"><span class=\"has-inline-color has-primary-color\">Les \u00e9cotones, le mus\u00e9e des petits oiseaux<\/span><\/a><\/strong><\/td><td><sub>commissariat<br> le coll\u00e8ge des oiseaux, Florian Houssais, Hannah Brun<\/sub><\/td><td><sub>Rurart, Rouill\u00e9<\/sub><\/td><td><sub>du 26.05.21 au 04.07.21<\/sub><\/td><\/tr><tr><td><sub>documentaire<\/sub><\/td><td class=\"has-text-align-left\" data-align=\"left\"><a href=\"https:\/\/www.lepassager-centredart.com\/?p=870\" data-type=\"post\" data-id=\"870\"><span class=\"has-inline-color has-primary-color\"><strong>L\u2019investissement dans les capitalisme. Une philosophie de l&#8217;\u00e9conomie<\/strong><\/span><\/a><\/td><td><sub>Bastien Mass\u00e9 &amp; Florian Houssais<\/sub><\/td><td><sub>24&#8217;30<\/sub><\/td><td><sub>sortie 05.21<\/sub><\/td><\/tr><tr><td><sub>lecture-performance<\/sub><\/td><td class=\"has-text-align-left\" data-align=\"left\"><strong><a href=\"https:\/\/www.lepassager-centredart.com\/?p=972\" data-type=\"post\" data-id=\"972\"><span class=\"has-inline-color has-primary-color\">panah\u00f3n #9<\/span><\/a><\/strong><\/td><td><sub>Hannah Brun<\/sub><\/td><td><sub>Bayan ng Dumaran, Palawan, Philippines<\/sub><\/td><td><sub>16.02.21<\/sub><\/td><\/tr><tr><td><sub>conf\u00e9rence<\/sub><\/td><td class=\"has-text-align-left\" data-align=\"left\"><strong><a href=\"https:\/\/www.lepassager-centredart.com\/?p=1017\" data-type=\"post\" data-id=\"1017\"><span class=\"has-inline-color has-primary-color\">La presse satirique durant la r\u00e9volution russe de 1917<\/span><\/a><\/strong><\/td><td><sub>le coll\u00e8ge des oiseaux<\/sub><\/td><td><sub>Universit\u00e9 linguistique d\u2019\u00c9tat, Nijni Novgorod, Russie<\/sub><\/td><td><sub>10.02.21<\/sub><\/td><\/tr><tr><td><sub>terrain<\/sub><\/td><td class=\"has-text-align-left\" data-align=\"left\"><strong><a href=\"https:\/\/www.lepassager-centredart.com\/?p=999\" data-type=\"post\" data-id=\"999\"><span class=\"has-inline-color has-primary-color\">Lettre \u00e0 un jeune historien<\/span><\/a><\/strong><\/td><td><sub>Camille Riverti &amp; Florian Houssais<\/sub><\/td><td><sub>Lyc\u00e9es agricoles, Nouvelle-Aquitaine<\/sub><\/td><td><sub>01.21 \/ 03.21<\/sub><\/td><\/tr><\/tbody><\/table><\/figure>\n\n\n\n<h5 class=\"wp-block-heading\">Archives<\/h5>\n\n\n\n<figure class=\"wp-block-embed is-type-video is-provider-youtube wp-block-embed-youtube wp-embed-aspect-16-9 wp-has-aspect-ratio\"><div class=\"wp-block-embed__wrapper\">\n<iframe loading=\"lazy\" title=\"L&#039;investissement dans les capitalismes. Une philosophie de l&#039;\u00e9conomie\" width=\"580\" height=\"326\" src=\"https:\/\/www.youtube.com\/embed\/rU93TKhNaUU?feature=oembed\" frameborder=\"0\" allow=\"accelerometer; autoplay; clipboard-write; encrypted-media; gyroscope; picture-in-picture; web-share\" referrerpolicy=\"strict-origin-when-cross-origin\" allowfullscreen><\/iframe>\n<\/div><\/figure>\n\n\n\n<p><a href=\"https:\/\/www.lepassager-centredart.com\/?p=870\" data-type=\"URL\" data-id=\"https:\/\/www.lepassager-centredart.com\/?p=870\">L\u2019investissement dans les capitalismes. Une philosophie de l\u2019\u00e9conomie<\/a> (documentaire) \u2013 mai 2021 \u2013 24\u201930 \u2013 contenu scientifique : Bastien Mass\u00e9 \/ r\u00e9alisation : Florian Houssais<\/p>\n\n\n\n<div style=\"height:100px\" aria-hidden=\"true\" class=\"wp-block-spacer\"><\/div>\n\n\n\n<figure class=\"wp-block-embed aligncenter is-type-video is-provider-youtube wp-block-embed-youtube wp-embed-aspect-16-9 wp-has-aspect-ratio\"><div class=\"wp-block-embed__wrapper\">\n<iframe loading=\"lazy\" title=\"Quelques \u00e9l\u00e9ments pour une pratique artistique indiff\u00e9renci\u00e9e - Florian Houssais\" width=\"580\" height=\"326\" src=\"https:\/\/www.youtube.com\/embed\/tV8pslk92ys?feature=oembed\" frameborder=\"0\" allow=\"accelerometer; autoplay; clipboard-write; encrypted-media; gyroscope; picture-in-picture; web-share\" referrerpolicy=\"strict-origin-when-cross-origin\" allowfullscreen><\/iframe>\n<\/div><\/figure>\n\n\n\n<p><a href=\"https:\/\/www.lepassager-centredart.com\/?p=592\" data-type=\"post\" data-id=\"592\">S\u00e9minaire du 17 nov. 2018 &#8211; 1<sup>\u00e8re<\/sup> partie<\/a><\/p>\n\n\n\n<div style=\"height:100px\" aria-hidden=\"true\" class=\"wp-block-spacer\"><\/div>\n\n\n\n<h5 class=\"wp-block-heading\">Participer<\/h5>\n\n\n<p>Les s\u00e9minaires sont majoritairement en acc\u00e8s libre ou sur simple r\u00e9servation, et les autres \u00e9v\u00e9nements sont cal\u00e9s sur les conditions d&#8217;acc\u00e8s des lieux h\u00f4tes (centres d&#8217;art, mus\u00e9es, \u00e9coles, lieux publics ou priv\u00e9s divers).<\/p>\n<p>Pour toute information concernant l\u2019organisation, l\u2019\u00e9tat d\u2019esprit ou le mode de participation aux activit\u00e9s du passager, vous pouvez prendre contact avec l\u2019\u00e9quipe via cette adresse mail :<\/p>\n<p>florianhoussais[at]gmail.com (fondateur)<\/p>\n<p>Nous serons ravis de vous lire et de r\u00e9pondre \u00e0 vos questions.<\/p>\n","protected":false},"excerpt":{"rendered":"<p>revues Lancement des revues copie et copie photographie Hannah Brun Maison des Suds, Pessac 31.05.23 table ronde &amp; atelier Double jeu Florian Houssais &amp; Hannah Brun Maison des Suds, Pessac 31.05.23 colloque Les s\u00e9minaires sous le manteau (description \u00e0 venir) Florian Houssais colloque international &#8220;Construction(s) et r\u00e9ception(s) de la science aujourd\u2019hui&#8221;, Cergy Paris Universit\u00e9 19.04.23 [&hellip;]<\/p>\n","protected":false},"author":1,"featured_media":0,"parent":0,"menu_order":0,"comment_status":"closed","ping_status":"closed","template":"templates\/template-full-width.php","meta":{"_monsterinsights_skip_tracking":false,"_monsterinsights_sitenote_active":false,"_monsterinsights_sitenote_note":"","_monsterinsights_sitenote_category":0,"footnotes":""},"class_list":["post-933","page","type-page","status-publish","hentry"],"_links":{"self":[{"href":"https:\/\/www.lepassager-centredart.com\/index.php?rest_route=\/wp\/v2\/pages\/933","targetHints":{"allow":["GET"]}}],"collection":[{"href":"https:\/\/www.lepassager-centredart.com\/index.php?rest_route=\/wp\/v2\/pages"}],"about":[{"href":"https:\/\/www.lepassager-centredart.com\/index.php?rest_route=\/wp\/v2\/types\/page"}],"author":[{"embeddable":true,"href":"https:\/\/www.lepassager-centredart.com\/index.php?rest_route=\/wp\/v2\/users\/1"}],"replies":[{"embeddable":true,"href":"https:\/\/www.lepassager-centredart.com\/index.php?rest_route=%2Fwp%2Fv2%2Fcomments&post=933"}],"version-history":[{"count":58,"href":"https:\/\/www.lepassager-centredart.com\/index.php?rest_route=\/wp\/v2\/pages\/933\/revisions"}],"predecessor-version":[{"id":1220,"href":"https:\/\/www.lepassager-centredart.com\/index.php?rest_route=\/wp\/v2\/pages\/933\/revisions\/1220"}],"wp:attachment":[{"href":"https:\/\/www.lepassager-centredart.com\/index.php?rest_route=%2Fwp%2Fv2%2Fmedia&parent=933"}],"curies":[{"name":"wp","href":"https:\/\/api.w.org\/{rel}","templated":true}]}}